{"id":13666,"date":"2025-10-27T15:29:36","date_gmt":"2025-10-27T20:29:36","guid":{"rendered":"https:\/\/arrobamedellin.edu.co\/?page_id=13666"},"modified":"2025-10-27T15:55:02","modified_gmt":"2025-10-27T20:55:02","slug":"conviertete-en-arquitecto-asociado-de-oci","status":"publish","type":"page","link":"https:\/\/arrobamedellin.edu.co\/index.php\/oracle\/conviertete-en-arquitecto-asociado-de-oci\/","title":{"rendered":"Convi\u00e9rtete en arquitecto asociado de OCI"},"content":{"rendered":"<p>[et_pb_section fb_built=&#8221;1&#8243; fullwidth=&#8221;on&#8221; _builder_version=&#8221;4.16&#8243; _module_preset=&#8221;default&#8221; global_colors_info=&#8221;{}&#8221;][et_pb_fullwidth_image src=&#8221;https:\/\/arrobamedellin.edu.co\/wp-content\/uploads\/2025\/10\/BANNER-ORACLE.jpg&#8221; alt=&#8221;BANNER-ORACLE&#8221; title_text=&#8221;BANNER-ORACLE&#8221; _builder_version=&#8221;4.27.4&#8243; _module_preset=&#8221;default&#8221; global_colors_info=&#8221;{}&#8221;][\/et_pb_fullwidth_image][\/et_pb_section][et_pb_section fb_built=&#8221;1&#8243; _builder_version=&#8221;4.25.1&#8243; _module_preset=&#8221;default&#8221; global_colors_info=&#8221;{}&#8221;][et_pb_row _builder_version=&#8221;4.25.1&#8243; _module_preset=&#8221;default&#8221; global_colors_info=&#8221;{}&#8221;][et_pb_column type=&#8221;4_4&#8243; _builder_version=&#8221;4.25.1&#8243; _module_preset=&#8221;default&#8221; global_colors_info=&#8221;{}&#8221;][et_pb_text _builder_version=&#8221;4.27.4&#8243; _module_preset=&#8221;default&#8221; text_font=&#8221;Roboto Condensed|700|||||||&#8221; text_font_size=&#8221;18px&#8221; text_orientation=&#8221;center&#8221; global_colors_info=&#8221;{}&#8221;]<a href=\"https:\/\/arrobamedellin.edu.co\/index.php\/oracle\" style=\"color: #666;\">Oracle<\/a> &gt; <span style=\"color: #ac3e95;\">Convi\u00e9rtete en arquitecto asociado de OCI<\/span>[\/et_pb_text][\/et_pb_column][\/et_pb_row][et_pb_row column_structure=&#8221;2_5,3_5&#8243; use_custom_gutter=&#8221;on&#8221; gutter_width=&#8221;2&#8243; _builder_version=&#8221;4.16&#8243; _module_preset=&#8221;default&#8221; width=&#8221;65%&#8221; width_tablet=&#8221;&#8221; width_phone=&#8221;100%&#8221; width_last_edited=&#8221;on|phone&#8221; global_colors_info=&#8221;{}&#8221;][et_pb_column type=&#8221;2_5&#8243; _builder_version=&#8221;4.16&#8243; _module_preset=&#8221;default&#8221; global_colors_info=&#8221;{}&#8221;][et_pb_image src=&#8221;https:\/\/arrobamedellin.edu.co\/wp-content\/uploads\/2025\/10\/Convie\u0301rtete-en-arquitecto-asociado-de-OCI.jpg&#8221; alt=&#8221;curso Convie\u0301rtete en arquitecto asociado de OCI&#8221; title_text=&#8221;Convie\u0301rtete en arquitecto asociado de OCI&#8221; align=&#8221;center&#8221; admin_label=&#8221;Image&#8221; _builder_version=&#8221;4.27.4&#8243; _module_preset=&#8221;default&#8221; z_index=&#8221;0&#8243; width_tablet=&#8221;&#8221; width_phone=&#8221;80%&#8221; width_last_edited=&#8221;on|phone&#8221; border_radii=&#8221;on|15px|15px|15px|15px&#8221; box_shadow_style=&#8221;preset6&#8243; box_shadow_vertical=&#8221;-130px&#8221; box_shadow_color=&#8221;rgba(0,0,0,0.4)&#8221; saved_tabs=&#8221;all&#8221; global_colors_info=&#8221;{}&#8221;][\/et_pb_image][et_pb_text content_tablet=&#8221;<\/p>\n<p>USO SEGURO DE REDES SOCIALES<\/p>\n<p>&#8221; content_phone=&#8221;<\/p>\n<p>USO SEGURO DE REDES SOCIALES<\/p>\n<p>&#8221; content_last_edited=&#8221;on|phone&#8221; admin_label=&#8221;Text&#8221; _builder_version=&#8221;4.27.4&#8243; _module_preset=&#8221;default&#8221; text_font=&#8221;Roboto Condensed|700|||||||&#8221; text_text_color=&#8221;#FFFFFF&#8221; text_font_size=&#8221;30px&#8221; text_line_height=&#8221;0.9em&#8221; header_font=&#8221;Roboto Condensed|700|||||||&#8221; vertical_offset=&#8221;291px&#8221; horizontal_offset=&#8221;29px&#8221; z_index=&#8221;91&#8243; width=&#8221;78%&#8221; width_tablet=&#8221;40%&#8221; width_phone=&#8221;90%&#8221; width_last_edited=&#8221;on|phone&#8221; custom_margin=&#8221;-130px||80px|85px|false|false&#8221; custom_margin_tablet=&#8221;|20px||20px|false|false&#8221; custom_margin_phone=&#8221;||||false|false&#8221; custom_margin_last_edited=&#8221;on|phone&#8221; custom_padding=&#8221;|0px|||false|false&#8221; hover_enabled=&#8221;0&#8243; text_font_size_tablet=&#8221;40px&#8221; text_font_size_phone=&#8221;28px&#8221; text_font_size_last_edited=&#8221;on|tablet&#8221; text_orientation_tablet=&#8221;center&#8221; text_orientation_phone=&#8221;center&#8221; text_orientation_last_edited=&#8221;on|phone&#8221; module_alignment_tablet=&#8221;center&#8221; module_alignment_phone=&#8221;center&#8221; module_alignment_last_edited=&#8221;on|phone&#8221; global_colors_info=&#8221;{}&#8221; sticky_enabled=&#8221;0&#8243;]<\/p>\n<p>CONVI\u00c9RTETE EN ARQUITECTO ASOCIADO DE OCI<\/p>\n<p>[\/et_pb_text][et_pb_code _builder_version=&#8221;4.27.4&#8243; _module_preset=&#8221;default&#8221; text_orientation=&#8221;center&#8221; global_colors_info=&#8221;{}&#8221; global_module=&#8221;13678&#8243; theme_builder_area=&#8221;post_content&#8221;]<\/p>\n<style><!-- [et_pb_line_break_holder] -->\t.inscribete-btn {<!-- [et_pb_line_break_holder] -->    display: inline-block;<!-- [et_pb_line_break_holder] -->    background-color: #C93C9B;<!-- [et_pb_line_break_holder] -->    color: white;<!-- [et_pb_line_break_holder] -->    text-decoration: none;<!-- [et_pb_line_break_holder] -->    padding: 15px 30px;<!-- [et_pb_line_break_holder] -->    font-size: 1.2rem;<!-- [et_pb_line_break_holder] -->    font-weight: 600;<!-- [et_pb_line_break_holder] -->    border-radius: 8px;<!-- [et_pb_line_break_holder] -->    box-shadow: 0 4px 15px rgba(201, 60, 155, 0.3);<!-- [et_pb_line_break_holder] -->    transition: all 0.3s ease;<!-- [et_pb_line_break_holder] -->    cursor: pointer;<!-- [et_pb_line_break_holder] -->    border: none;<!-- [et_pb_line_break_holder] -->    outline: none;<!-- [et_pb_line_break_holder] -->}<!-- [et_pb_line_break_holder] --><!-- [et_pb_line_break_holder] -->.inscribete-btn:hover {<!-- [et_pb_line_break_holder] -->    background-color: #B8359B;<!-- [et_pb_line_break_holder] -->    transform: translateY(-2px);<!-- [et_pb_line_break_holder] -->    box-shadow: 0 6px 20px rgba(201, 60, 155, 0.4);<!-- [et_pb_line_break_holder] -->}<!-- [et_pb_line_break_holder] --><!-- [et_pb_line_break_holder] -->.inscribete-btn:active {<!-- [et_pb_line_break_holder] -->    transform: translateY(0);<!-- [et_pb_line_break_holder] -->    box-shadow: 0 2px 10px rgba(201, 60, 155, 0.3);<!-- [et_pb_line_break_holder] -->}<!-- [et_pb_line_break_holder] --><!-- [et_pb_line_break_holder] -->  @media (max-width: 768px) {<!-- [et_pb_line_break_holder] -->    .inscribete-btn {<!-- [et_pb_line_break_holder] -->        padding: 12px 24px;<!-- [et_pb_line_break_holder] -->        font-size: 1.1rem;<!-- [et_pb_line_break_holder] -->    }<!-- [et_pb_line_break_holder] -->  }<!-- [et_pb_line_break_holder] -->  <!-- [et_pb_line_break_holder] --><\/style>\n<p><!-- [et_pb_line_break_holder] --><!-- [et_pb_line_break_holder] --><a href=\"https:\/\/arrobamedellin.edu.co\/index.php\/inscripciones-abiertas\/\" <!-- [et_pb_line_break_holder] -->           target=&#8221;_blank&#8221; <!-- [et_pb_line_break_holder] -->           rel=&#8221;noopener noreferrer&#8221; <!-- [et_pb_line_break_holder] -->           class=&#8221;inscribete-btn&#8221;><!-- [et_pb_line_break_holder] -->            Inscr\u00edbete aqu\u00ed<!-- [et_pb_line_break_holder] -->        <\/a>[\/et_pb_code][\/et_pb_column][et_pb_column type=&#8221;3_5&#8243; _builder_version=&#8221;4.16&#8243; _module_preset=&#8221;default&#8221; global_colors_info=&#8221;{}&#8221;][et_pb_text _builder_version=&#8221;4.27.4&#8243; _module_preset=&#8221;default&#8221; text_font=&#8221;Roboto Condensed|700|||||||&#8221; text_text_color=&#8221;#007df6&#8243; text_font_size=&#8221;30px&#8221; header_font=&#8221;Roboto Condensed|700|||||||&#8221; width_tablet=&#8221;40%&#8221; width_phone=&#8221;38%&#8221; width_last_edited=&#8221;on|phone&#8221; module_alignment=&#8221;left&#8221; custom_margin=&#8221;0px||||false|false&#8221; custom_margin_tablet=&#8221;|20px||20px|false|false&#8221; custom_margin_phone=&#8221;&#8221; custom_margin_last_edited=&#8221;on|phone&#8221; text_font_size_tablet=&#8221;40px&#8221; text_font_size_phone=&#8221;28px&#8221; text_font_size_last_edited=&#8221;on|tablet&#8221; text_orientation_tablet=&#8221;center&#8221; text_orientation_phone=&#8221;center&#8221; text_orientation_last_edited=&#8221;on|phone&#8221; module_alignment_tablet=&#8221;center&#8221; module_alignment_phone=&#8221;center&#8221; module_alignment_last_edited=&#8221;on|phone&#8221; custom_css_main_element=&#8221;padding-bottom: 5px;||border-bottom-style: solid;||border-bottom-width: 3.1px;||width: fit-content;&#8221; global_colors_info=&#8221;{}&#8221;]<\/p>\n<p>Descripci\u00f3n<\/p>\n<p>[\/et_pb_text][et_pb_text _builder_version=&#8221;4.27.4&#8243; _module_preset=&#8221;default&#8221; text_font=&#8221;Roboto Condensed||||||||&#8221; text_text_color=&#8221;#6d6e70&#8243; text_font_size=&#8221;22px&#8221; custom_margin=&#8221;||||false|false&#8221; custom_margin_tablet=&#8221;|40px||40px|false|true&#8221; custom_margin_phone=&#8221;|40px||40px|false|true&#8221; custom_margin_last_edited=&#8221;on|phone&#8221; custom_padding=&#8221;20px||||false|false&#8221; global_colors_info=&#8221;{}&#8221;]<\/p>\n<p style=\"text-align: justify;\"><span style=\"color: #b2449c;\"><strong>\u00a1Bienvenido al curso de certificaci\u00f3n OCI Architect Associate!<\/strong><\/span><\/p>\n<p style=\"text-align: justify;\"><span style=\"color: #b2449c;\"><strong>Al completar esta ruta de aprendizaje, podr\u00e1:<\/strong><\/span><\/p>\n<ul style=\"text-align: justify;\">\n<li>Hablar sobre los servicios de gesti\u00f3n de identidades y accesos de OCI<\/li>\n<li>Convi\u00e9rtete en un experto en los servicios de red de OCI<\/li>\n<li>Explicar las ofertas de servicios de OCI Compute<\/li>\n<li>Implemente los servicios de almacenamiento en bloque, almacenamiento de objetos y almacenamiento de archivos de OCI<\/li>\n<\/ul>\n<p style=\"text-align: justify;\"><span style=\"color: #b2449c;\"><strong>Requisitos previos:<\/strong><\/span> Debe tener una comprensi\u00f3n de nivel b\u00e1sico de Oracle Cloud Infrastructure y conocimiento de los conceptos b\u00e1sicos de computaci\u00f3n en la nube.<\/p>\n<p style=\"text-align: justify;\"><span style=\"color: #b2449c;\"><strong>Habilidades que aprender\u00e1s:<\/strong><\/span><\/p>\n<ul style=\"text-align: justify;\">\n<li>Conceptos b\u00e1sicos de OCI Identity and Access Management (dominios de identidad, usuarios, grupos, pol\u00edticas, compartimentos) y conceptos avanzados (grupos din\u00e1micos, pol\u00edticas avanzadas)<\/li>\n<li>Red virtual en la nube de OCI, gesti\u00f3n de IP, opciones de conectividad de VCN, equilibradores de carga, gesti\u00f3n de DNS y servicios del centro de comandos de red<\/li>\n<li>Conceptos b\u00e1sicos de OCI Compute (im\u00e1genes, formas, tipos de capacidad) y conceptos avanzados (escalado autom\u00e1tico, computaci\u00f3n confidencial, servicio de administraci\u00f3n del sistema operativo)<\/li>\n<li>Ofertas de almacenamiento de OCI (almacenamiento de objetos, almacenamiento en bloque y almacenamiento de archivos)<\/li>\n<\/ul>\n<p style=\"text-align: justify;\">Esta ruta de aprendizaje <span style=\"color: #b2449c;\"><strong>GRATUITA<\/strong><\/span> tambi\u00e9n lo prepara, para obtener <span style=\"color: #b2449c;\"><strong>despu\u00e9s CON COSTO<\/strong><\/span>, la certificaci\u00f3n Oracle Cloud Infrastructure 2024 Architect Associate.<\/p>\n<p>[\/et_pb_text][\/et_pb_column][\/et_pb_row][\/et_pb_section]<\/p>\n","protected":false},"excerpt":{"rendered":"<p>Oracle &gt; Convi\u00e9rtete en arquitecto asociado de OCICONVI\u00c9RTETE EN ARQUITECTO ASOCIADO DE OCIDescripci\u00f3n\u00a1Bienvenido al curso de certificaci\u00f3n OCI Architect Associate! Al completar esta ruta de aprendizaje, podr\u00e1: Hablar sobre los servicios de gesti\u00f3n de identidades y accesos de OCI Convi\u00e9rtete en un experto en los servicios de red de OCI Explicar las ofertas de servicios [&hellip;]<\/p>\n","protected":false},"author":5,"featured_media":0,"parent":13515,"menu_order":0,"comment_status":"closed","ping_status":"closed","template":"","meta":{"_et_pb_use_builder":"on","_et_pb_old_content":"","_et_gb_content_width":"","footnotes":""},"class_list":["post-13666","page","type-page","status-publish","hentry"],"_links":{"self":[{"href":"https:\/\/arrobamedellin.edu.co\/index.php\/wp-json\/wp\/v2\/pages\/13666","targetHints":{"allow":["GET"]}}],"collection":[{"href":"https:\/\/arrobamedellin.edu.co\/index.php\/wp-json\/wp\/v2\/pages"}],"about":[{"href":"https:\/\/arrobamedellin.edu.co\/index.php\/wp-json\/wp\/v2\/types\/page"}],"author":[{"embeddable":true,"href":"https:\/\/arrobamedellin.edu.co\/index.php\/wp-json\/wp\/v2\/users\/5"}],"replies":[{"embeddable":true,"href":"https:\/\/arrobamedellin.edu.co\/index.php\/wp-json\/wp\/v2\/comments?post=13666"}],"version-history":[{"count":4,"href":"https:\/\/arrobamedellin.edu.co\/index.php\/wp-json\/wp\/v2\/pages\/13666\/revisions"}],"predecessor-version":[{"id":13685,"href":"https:\/\/arrobamedellin.edu.co\/index.php\/wp-json\/wp\/v2\/pages\/13666\/revisions\/13685"}],"up":[{"embeddable":true,"href":"https:\/\/arrobamedellin.edu.co\/index.php\/wp-json\/wp\/v2\/pages\/13515"}],"wp:attachment":[{"href":"https:\/\/arrobamedellin.edu.co\/index.php\/wp-json\/wp\/v2\/media?parent=13666"}],"curies":[{"name":"wp","href":"https:\/\/api.w.org\/{rel}","templated":true}]}}